{"id":3651,"date":"2025-12-03T22:59:18","date_gmt":"2025-12-03T22:59:18","guid":{"rendered":"https:\/\/healfirst.com.br\/?page_id=3651"},"modified":"2026-01-09T12:25:23","modified_gmt":"2026-01-09T12:25:23","slug":"canal-de-denuncia","status":"publish","type":"page","link":"https:\/\/healfirst.com.br\/index.php\/canal-de-denuncia\/","title":{"rendered":"Canal de den\u00fancia"},"content":{"rendered":"\t\t<div data-elementor-type=\"wp-page\" data-elementor-id=\"3651\" class=\"elementor elementor-3651\">\n\t\t\t\t\t\t<section class=\"elementor-section elementor-top-section elementor-element elementor-element-4e38e4a ct-section-stretched elementor-section-boxed elementor-section-height-default elementor-section-height-default\" data-id=\"4e38e4a\" data-element_type=\"section\" data-settings=\"{&quot;background_background&quot;:&quot;classic&quot;}\">\n\t\t\t\t\t\t\t<div class=\"elementor-background-overlay\"><\/div>\n\t\t\t\t\t\t\t<div class=\"elementor-container elementor-column-gap-default\">\n\t\t\t\t\t<div class=\"elementor-column elementor-col-50 elementor-top-column elementor-element elementor-element-75dba5c\" data-id=\"75dba5c\" data-element_type=\"column\">\n\t\t\t<div class=\"elementor-widget-wrap elementor-element-populated\">\n\t\t\t\t\t\t<div class=\"elementor-element elementor-element-3432cc1 elementor-widget elementor-widget-heading\" data-id=\"3432cc1\" data-element_type=\"widget\" data-widget_type=\"heading.default\">\n\t\t\t\t<div class=\"elementor-widget-container\">\n\t\t\t\t\t<h2 class=\"elementor-heading-title elementor-size-default\">Canal de den\u00fancia\n<\/h2>\t\t\t\t<\/div>\n\t\t\t\t<\/div>\n\t\t\t\t<div class=\"elementor-element elementor-element-db9bc13 elementor-widget elementor-widget-text-editor\" data-id=\"db9bc13\" data-element_type=\"widget\" data-widget_type=\"text-editor.default\">\n\t\t\t\t<div class=\"elementor-widget-container\">\n\t\t\t\t\t\t\t\t\t<p><span style=\"font-weight: 400;\">Este espa\u00e7o foi desenvolvido para que colaboradores, parceiros e demais p\u00fablicos possam comunicar, com seguran\u00e7a e confidencialidade, qualquer preocupa\u00e7\u00e3o relacionada a condutas que possam contrariar normas legais, regulamentos vigentes ou os princ\u00edpios \u00e9ticos que orientam nossas atividades.<\/span><\/p><p><span style=\"font-weight: 400;\">Tamb\u00e9m \u00e9 poss\u00edvel relatar situa\u00e7\u00f5es que envolvam poss\u00edveis viola\u00e7\u00f5es ao nosso C\u00f3digo de Conduta, \u00e0s pol\u00edticas internas da empresa ou aos padr\u00f5es \u00e9ticos reconhecidos pelo setor, incluindo casos que possam representar riscos ou infra\u00e7\u00f5es aos direitos humanos.<\/span><\/p><p><span style=\"font-weight: 400;\">As manifesta\u00e7\u00f5es podem ser feitas de forma an\u00f4nima e ser\u00e3o tratadas com seriedade, imparcialidade e respeito, contribuindo para a integridade e transpar\u00eancia da nossa atua\u00e7\u00e3o.<\/span><\/p>\t\t\t\t\t\t\t\t<\/div>\n\t\t\t\t<\/div>\n\t\t\t\t<div class=\"elementor-element elementor-element-8e5020c elementor-align-justify elementor-widget elementor-widget-button\" data-id=\"8e5020c\" data-element_type=\"widget\" data-widget_type=\"button.default\">\n\t\t\t\t<div class=\"elementor-widget-container\">\n\t\t\t\t\t\t\t\t\t<div class=\"elementor-button-wrapper\">\n\t\t\t\t\t<a class=\"elementor-button elementor-button-link elementor-size-sm\" href=\"https:\/\/docs.google.com\/forms\/d\/1z4AYfWYQY5wFuO3jky8JXAT4eHf4RHDIvhQfD74v17g\/edit?usp=drive_web&#038;ouid=104489968401040026766\" target=\"_blank\">\n\t\t\t\t\t\t<span class=\"elementor-button-content-wrapper\">\n\t\t\t\t\t\t\t\t\t<span class=\"elementor-button-text\">Enviar den\u00fancia<\/span>\n\t\t\t\t\t<\/span>\n\t\t\t\t\t<\/a>\n\t\t\t\t<\/div>\n\t\t\t\t\t\t\t\t<\/div>\n\t\t\t\t<\/div>\n\t\t\t\t\t<\/div>\n\t\t<\/div>\n\t\t\t\t<div class=\"elementor-column elementor-col-50 elementor-top-column elementor-element elementor-element-fefde82 elementor-hidden-tablet elementor-hidden-phone\" data-id=\"fefde82\" data-element_type=\"column\">\n\t\t\t<div class=\"elementor-widget-wrap\">\n\t\t\t\t\t\t\t<\/div>\n\t\t<\/div>\n\t\t\t\t\t<\/div>\n\t\t<\/section>\n\t\t\t\t<\/div>\n\t\t","protected":false},"excerpt":{"rendered":"<p>Canal de den\u00fancia Este espa\u00e7o foi desenvolvido para que colaboradores, parceiros e demais p\u00fablicos possam comunicar, com seguran\u00e7a e confidencialidade, qualquer preocupa\u00e7\u00e3o relacionada a condutas que possam contrariar normas legais, regulamentos vigentes ou os princ\u00edpios \u00e9ticos que orientam nossas atividades. Tamb\u00e9m \u00e9 poss\u00edvel relatar situa\u00e7\u00f5es que envolvam poss\u00edveis viola\u00e7\u00f5es ao nosso C\u00f3digo de Conduta, \u00e0s [&hellip;]<\/p>\n","protected":false},"author":1,"featured_media":0,"parent":0,"menu_order":0,"comment_status":"closed","ping_status":"closed","template":"","meta":{"_joinchat":[],"footnotes":""},"class_list":["post-3651","page","type-page","status-publish","hentry"],"blocksy_meta":{"vertical_spacing_source":"custom","content_area_spacing":"none","has_hero_section":"disabled","styles_descriptor":{"styles":{"desktop":"","tablet":"","mobile":""},"google_fonts":[],"version":6}},"_links":{"self":[{"href":"https:\/\/healfirst.com.br\/index.php\/wp-json\/wp\/v2\/pages\/3651","targetHints":{"allow":["GET"]}}],"collection":[{"href":"https:\/\/healfirst.com.br\/index.php\/wp-json\/wp\/v2\/pages"}],"about":[{"href":"https:\/\/healfirst.com.br\/index.php\/wp-json\/wp\/v2\/types\/page"}],"author":[{"embeddable":true,"href":"https:\/\/healfirst.com.br\/index.php\/wp-json\/wp\/v2\/users\/1"}],"replies":[{"embeddable":true,"href":"https:\/\/healfirst.com.br\/index.php\/wp-json\/wp\/v2\/comments?post=3651"}],"version-history":[{"count":35,"href":"https:\/\/healfirst.com.br\/index.php\/wp-json\/wp\/v2\/pages\/3651\/revisions"}],"predecessor-version":[{"id":3696,"href":"https:\/\/healfirst.com.br\/index.php\/wp-json\/wp\/v2\/pages\/3651\/revisions\/3696"}],"wp:attachment":[{"href":"https:\/\/healfirst.com.br\/index.php\/wp-json\/wp\/v2\/media?parent=3651"}],"curies":[{"name":"wp","href":"https:\/\/api.w.org\/{rel}","templated":true}]}}