{"id":3518,"date":"2025-09-29T13:57:41","date_gmt":"2025-09-29T13:57:41","guid":{"rendered":"https:\/\/healfirst.com.br\/?page_id=3518"},"modified":"2025-11-06T12:07:01","modified_gmt":"2025-11-06T12:07:01","slug":"neurawrap","status":"publish","type":"page","link":"https:\/\/healfirst.com.br\/index.php\/neurawrap\/","title":{"rendered":"NeuraWrap\u2122"},"content":{"rendered":"\t\t<div data-elementor-type=\"wp-page\" data-elementor-id=\"3518\" class=\"elementor elementor-3518\">\n\t\t\t\t\t\t<section class=\"elementor-section elementor-top-section elementor-element elementor-element-c974935 ct-section-stretched elementor-section-boxed elementor-section-height-default elementor-section-height-default\" data-id=\"c974935\" data-element_type=\"section\" data-settings=\"{&quot;background_background&quot;:&quot;classic&quot;}\">\n\t\t\t\t\t\t\t<div class=\"elementor-background-overlay\"><\/div>\n\t\t\t\t\t\t\t<div class=\"elementor-container elementor-column-gap-default\">\n\t\t\t\t\t<div class=\"elementor-column elementor-col-50 elementor-top-column elementor-element elementor-element-1728431\" data-id=\"1728431\" data-element_type=\"column\">\n\t\t\t<div class=\"elementor-widget-wrap elementor-element-populated\">\n\t\t\t\t\t\t<div class=\"elementor-element elementor-element-c6035a3 elementor-widget elementor-widget-heading\" data-id=\"c6035a3\" data-element_type=\"widget\" data-widget_type=\"heading.default\">\n\t\t\t\t<div class=\"elementor-widget-container\">\n\t\t\t\t\t<h2 class=\"elementor-heading-title elementor-size-default\">NeuraWrap\u2122<\/h2>\t\t\t\t<\/div>\n\t\t\t\t<\/div>\n\t\t\t\t\t<\/div>\n\t\t<\/div>\n\t\t\t\t<div class=\"elementor-column elementor-col-50 elementor-top-column elementor-element elementor-element-0b8d812 elementor-hidden-tablet elementor-hidden-phone\" data-id=\"0b8d812\" data-element_type=\"column\">\n\t\t\t<div class=\"elementor-widget-wrap elementor-element-populated\">\n\t\t\t\t\t\t<div class=\"elementor-element elementor-element-3b8846c elementor-widget elementor-widget-image\" data-id=\"3b8846c\" data-element_type=\"widget\" data-widget_type=\"image.default\">\n\t\t\t\t<div class=\"elementor-widget-container\">\n\t\t\t\t\t\t\t\t\t\t\t\t\t\t\t<img decoding=\"async\" width=\"300\" height=\"132\" src=\"https:\/\/healfirst.com.br\/wp-content\/uploads\/2025\/10\/logo-integra-300x132.jpg\" class=\"attachment-medium size-medium wp-image-3625\" alt=\"\" srcset=\"https:\/\/healfirst.com.br\/wp-content\/uploads\/2025\/10\/logo-integra-300x132.jpg 300w, https:\/\/healfirst.com.br\/wp-content\/uploads\/2025\/10\/logo-integra.jpg 500w\" sizes=\"(max-width: 300px) 100vw, 300px\" \/>\t\t\t\t\t\t\t\t\t\t\t\t\t\t\t<\/div>\n\t\t\t\t<\/div>\n\t\t\t\t\t<\/div>\n\t\t<\/div>\n\t\t\t\t\t<\/div>\n\t\t<\/section>\n\t\t\t\t<section class=\"elementor-section elementor-top-section elementor-element elementor-element-0a7e568 ct-section-stretched elementor-section-boxed elementor-section-height-default elementor-section-height-default\" data-id=\"0a7e568\" data-element_type=\"section\" data-settings=\"{&quot;background_background&quot;:&quot;classic&quot;}\">\n\t\t\t\t\t\t<div class=\"elementor-container elementor-column-gap-no\">\n\t\t\t\t\t<div class=\"elementor-column elementor-col-50 elementor-top-column elementor-element elementor-element-6c36c12\" data-id=\"6c36c12\" data-element_type=\"column\">\n\t\t\t<div class=\"elementor-widget-wrap elementor-element-populated\">\n\t\t\t\t\t\t<div class=\"elementor-element elementor-element-f8e2513 elementor-widget elementor-widget-image\" data-id=\"f8e2513\" data-element_type=\"widget\" data-widget_type=\"image.default\">\n\t\t\t\t<div class=\"elementor-widget-container\">\n\t\t\t\t\t\t\t\t\t\t\t\t\t\t\t<img fetchpriority=\"high\" decoding=\"async\" width=\"406\" height=\"269\" src=\"https:\/\/healfirst.com.br\/wp-content\/uploads\/2025\/09\/Captura-de-Tela-2025-09-29-as-11.10.25.png\" class=\"attachment-full size-full wp-image-3538\" alt=\"\" srcset=\"https:\/\/healfirst.com.br\/wp-content\/uploads\/2025\/09\/Captura-de-Tela-2025-09-29-as-11.10.25.png 406w, https:\/\/healfirst.com.br\/wp-content\/uploads\/2025\/09\/Captura-de-Tela-2025-09-29-as-11.10.25-300x199.png 300w\" sizes=\"(max-width: 406px) 100vw, 406px\" \/>\t\t\t\t\t\t\t\t\t\t\t\t\t\t\t<\/div>\n\t\t\t\t<\/div>\n\t\t\t\t\t<\/div>\n\t\t<\/div>\n\t\t\t\t<div class=\"elementor-column elementor-col-50 elementor-top-column elementor-element elementor-element-b4dde64\" data-id=\"b4dde64\" data-element_type=\"column\">\n\t\t\t<div class=\"elementor-widget-wrap elementor-element-populated\">\n\t\t\t\t\t\t<div class=\"elementor-element elementor-element-01b7d9a elementor-widget elementor-widget-heading\" data-id=\"01b7d9a\" data-element_type=\"widget\" data-widget_type=\"heading.default\">\n\t\t\t\t<div class=\"elementor-widget-container\">\n\t\t\t\t\t<h2 class=\"elementor-heading-title elementor-size-default\">NeuraWrap\u2122 Nerve Protector<\/h2>\t\t\t\t<\/div>\n\t\t\t\t<\/div>\n\t\t\t\t<div class=\"elementor-element elementor-element-e63f67d elementor-widget elementor-widget-heading\" data-id=\"e63f67d\" data-element_type=\"widget\" data-widget_type=\"heading.default\">\n\t\t\t\t<div class=\"elementor-widget-container\">\n\t\t\t\t\t<h5 class=\"elementor-heading-title elementor-size-default\">Descri\u00e7\u00e3o<\/h5>\t\t\t\t<\/div>\n\t\t\t\t<\/div>\n\t\t\t\t<div class=\"elementor-element elementor-element-bfe10cb elementor-widget elementor-widget-text-editor\" data-id=\"bfe10cb\" data-element_type=\"widget\" data-widget_type=\"text-editor.default\">\n\t\t\t\t<div class=\"elementor-widget-container\">\n\t\t\t\t\t\t\t\t\t<p><span style=\"font-weight: 400;\">O <\/span><b>NeuraWrap\u2122<\/b><span style=\"font-weight: 400;\"> \u00e9 um protetor de nervo perif\u00e9rico totalmente reabsorv\u00edvel, desenvolvido para envolver, isolar e proteger nervos em processo de reparo ou expostos ao risco de ader\u00eancias p\u00f3s-trauma ou p\u00f3s-cirurgia. Fabricado em col\u00e1geno tipo I altamente purificado, atua como uma barreira seletiva contra fibrose cicatricial, ao mesmo tempo em que permite a difus\u00e3o de nutrientes necess\u00e1rios para a regenera\u00e7\u00e3o axonal. Sua flexibilidade anat\u00f4mica facilita a adapta\u00e7\u00e3o em nervos de diferentes calibres, enquanto sua absor\u00e7\u00e3o natural elimina a necessidade de remo\u00e7\u00e3o cir\u00fargica, oferecendo praticidade ao cirurgi\u00e3o e seguran\u00e7a ao paciente.<\/span><\/p>\t\t\t\t\t\t\t\t<\/div>\n\t\t\t\t<\/div>\n\t\t\t\t<div class=\"elementor-element elementor-element-cace712 elementor-widget elementor-widget-n-accordion\" data-id=\"cace712\" data-element_type=\"widget\" data-settings=\"{&quot;default_state&quot;:&quot;expanded&quot;,&quot;max_items_expended&quot;:&quot;one&quot;,&quot;n_accordion_animation_duration&quot;:{&quot;unit&quot;:&quot;ms&quot;,&quot;size&quot;:400,&quot;sizes&quot;:[]}}\" data-widget_type=\"nested-accordion.default\">\n\t\t\t\t<div class=\"elementor-widget-container\">\n\t\t\t\t\t\t\t<div class=\"e-n-accordion\" aria-label=\"Accordion. Open links with Enter or Space, close with Escape, and navigate with Arrow Keys\">\n\t\t\t\t\t\t<details id=\"e-n-accordion-item-2120\" class=\"e-n-accordion-item\" open>\n\t\t\t\t<summary class=\"e-n-accordion-item-title\" data-accordion-index=\"1\" tabindex=\"0\" aria-expanded=\"true\" aria-controls=\"e-n-accordion-item-2120\" >\n\t\t\t\t\t<span class='e-n-accordion-item-title-header'><div class=\"e-n-accordion-item-title-text\"> Indica\u00e7\u00f5es de uso <\/div><\/span>\n\t\t\t\t\t\t\t<span class='e-n-accordion-item-title-icon'>\n\t\t\t<span class='e-opened' ><svg aria-hidden=\"true\" class=\"e-font-icon-svg e-fas-minus\" viewBox=\"0 0 448 512\" xmlns=\"http:\/\/www.w3.org\/2000\/svg\"><path d=\"M416 208H32c-17.67 0-32 14.33-32 32v32c0 17.67 14.33 32 32 32h384c17.67 0 32-14.33 32-32v-32c0-17.67-14.33-32-32-32z\"><\/path><\/svg><\/span>\n\t\t\t<span class='e-closed'><svg aria-hidden=\"true\" class=\"e-font-icon-svg e-fas-plus\" viewBox=\"0 0 448 512\" xmlns=\"http:\/\/www.w3.org\/2000\/svg\"><path d=\"M416 208H272V64c0-17.67-14.33-32-32-32h-32c-17.67 0-32 14.33-32 32v144H32c-17.67 0-32 14.33-32 32v32c0 17.67 14.33 32 32 32h144v144c0 17.67 14.33 32 32 32h32c17.67 0 32-14.33 32-32V304h144c17.67 0 32-14.33 32-32v-32c0-17.67-14.33-32-32-32z\"><\/path><\/svg><\/span>\n\t\t<\/span>\n\n\t\t\t\t\t\t<\/summary>\n\t\t\t\t<div role=\"region\" aria-labelledby=\"e-n-accordion-item-2120\" class=\"elementor-element elementor-element-5facb25 e-con-full e-flex e-con e-child\" data-id=\"5facb25\" data-element_type=\"container\">\n\t\t\t\t<div class=\"elementor-element elementor-element-1a9b291 elementor-widget elementor-widget-text-editor\" data-id=\"1a9b291\" data-element_type=\"widget\" data-widget_type=\"text-editor.default\">\n\t\t\t\t<div class=\"elementor-widget-container\">\n\t\t\t\t\t\t\t\t\t<p><span style=\"font-weight: 400;\">O NeuraWrap\u2122 \u00e9 indicado para:<\/span><\/p><ul><li style=\"font-weight: 400;\" aria-level=\"1\"><b>Prote\u00e7\u00e3o de nervos reparados<\/b><span style=\"font-weight: 400;\"> ap\u00f3s trauma ou sutura cir\u00fargica, reduzindo risco de compress\u00e3o por fibrose.<\/span><\/li><li style=\"font-weight: 400;\" aria-level=\"1\"><b>Isolamento de nervos submetidos \u00e0 neurolyse<\/b><span style=\"font-weight: 400;\">, prevenindo recorr\u00eancia de ader\u00eancias.<\/span><\/li><li style=\"font-weight: 400;\" aria-level=\"1\"><b>Preven\u00e7\u00e3o de atrito e compress\u00e3o<\/b><span style=\"font-weight: 400;\"> em nervos perif\u00e9ricos pr\u00f3ximos a \u00e1reas de cicatriza\u00e7\u00e3o intensa.<\/span><\/li><\/ul><p><b>Manuten\u00e7\u00e3o da mobilidade neural<\/b><span style=\"font-weight: 400;\"> em regi\u00f5es cr\u00edticas, evitando aprisionamento do nervo em cicatrizes p\u00f3s-operat\u00f3rias.<\/span><\/p>\t\t\t\t\t\t\t\t<\/div>\n\t\t\t\t<\/div>\n\t\t\t\t<\/div>\n\t\t\t\t\t<\/details>\n\t\t\t\t\t<\/div>\n\t\t\t\t\t\t<\/div>\n\t\t\t\t<\/div>\n\t\t\t\t\t<\/div>\n\t\t<\/div>\n\t\t\t\t\t<\/div>\n\t\t<\/section>\n\t\t\t\t<section class=\"elementor-section elementor-top-section elementor-element elementor-element-a51ae2d ct-section-stretched elementor-section-boxed elementor-section-height-default elementor-section-height-default\" data-id=\"a51ae2d\" data-element_type=\"section\" data-settings=\"{&quot;background_background&quot;:&quot;classic&quot;}\">\n\t\t\t\t\t\t<div class=\"elementor-container elementor-column-gap-no\">\n\t\t\t\t\t<div class=\"elementor-column elementor-col-50 elementor-top-column elementor-element elementor-element-e82e6c6\" data-id=\"e82e6c6\" data-element_type=\"column\">\n\t\t\t<div class=\"elementor-widget-wrap elementor-element-populated\">\n\t\t\t\t\t\t<div class=\"elementor-element elementor-element-62d9325 elementor-widget elementor-widget-heading\" data-id=\"62d9325\" data-element_type=\"widget\" data-widget_type=\"heading.default\">\n\t\t\t\t<div class=\"elementor-widget-container\">\n\t\t\t\t\t<h2 class=\"elementor-heading-title elementor-size-default\">\n<\/h2>\t\t\t\t<\/div>\n\t\t\t\t<\/div>\n\t\t\t\t<div class=\"elementor-element elementor-element-317db57 elementor-widget elementor-widget-heading\" data-id=\"317db57\" data-element_type=\"widget\" data-widget_type=\"heading.default\">\n\t\t\t\t<div class=\"elementor-widget-container\">\n\t\t\t\t\t<h5 class=\"elementor-heading-title elementor-size-default\">Diferenciais cl\u00ednicos\n<\/h5>\t\t\t\t<\/div>\n\t\t\t\t<\/div>\n\t\t\t\t<div class=\"elementor-element elementor-element-929c118 elementor-widget elementor-widget-text-editor\" data-id=\"929c118\" data-element_type=\"widget\" data-widget_type=\"text-editor.default\">\n\t\t\t\t<div class=\"elementor-widget-container\">\n\t\t\t\t\t\t\t\t\t<p><span style=\"font-weight: 400;\">O NeuraWrap\u2122 n\u00e3o apenas protege o nervo, mas cria um ambiente favor\u00e1vel \u00e0 regenera\u00e7\u00e3o, oferecendo ao cirurgi\u00e3o maior previsibilidade nos resultados. Sua principal vantagem est\u00e1 na capacidade de atuar como uma <\/span><b>barreira f\u00edsica inteligente<\/b><span style=\"font-weight: 400;\">: bloqueia a invas\u00e3o de tecido fibroso sem impedir a difus\u00e3o de nutrientes essenciais.<\/span><\/p><ul><li style=\"font-weight: 400;\" aria-level=\"1\"><b>Barreira contra fibrose<\/b><span style=\"font-weight: 400;\"> \u2013 protege o nervo e reduz a forma\u00e7\u00e3o de ader\u00eancias p\u00f3s-operat\u00f3rias.<\/span><\/li><li style=\"font-weight: 400;\" aria-level=\"1\"><b>Flexibilidade anat\u00f4mica<\/b><span style=\"font-weight: 400;\"> \u2013 adapta-se a nervos de diferentes calibres e regi\u00f5es.<\/span><\/li><li style=\"font-weight: 400;\" aria-level=\"1\"><b>Reabsor\u00e7\u00e3o natural<\/b><span style=\"font-weight: 400;\"> \u2013 elimina a necessidade de remo\u00e7\u00e3o cir\u00fargica.<\/span><\/li><\/ul>\t\t\t\t\t\t\t\t<\/div>\n\t\t\t\t<\/div>\n\t\t\t\t<div class=\"elementor-element elementor-element-a7db2e0 elementor-widget elementor-widget-n-accordion\" data-id=\"a7db2e0\" data-element_type=\"widget\" data-settings=\"{&quot;default_state&quot;:&quot;expanded&quot;,&quot;max_items_expended&quot;:&quot;one&quot;,&quot;n_accordion_animation_duration&quot;:{&quot;unit&quot;:&quot;ms&quot;,&quot;size&quot;:400,&quot;sizes&quot;:[]}}\" data-widget_type=\"nested-accordion.default\">\n\t\t\t\t<div class=\"elementor-widget-container\">\n\t\t\t\t\t\t\t<div class=\"e-n-accordion\" aria-label=\"Accordion. Open links with Enter or Space, close with Escape, and navigate with Arrow Keys\">\n\t\t\t\t\t\t<details id=\"e-n-accordion-item-1760\" class=\"e-n-accordion-item\" open>\n\t\t\t\t<summary class=\"e-n-accordion-item-title\" data-accordion-index=\"1\" tabindex=\"0\" aria-expanded=\"true\" aria-controls=\"e-n-accordion-item-1760\" >\n\t\t\t\t\t<span class='e-n-accordion-item-title-header'><div class=\"e-n-accordion-item-title-text\"> Evid\u00eancias cient\u00edficas <\/div><\/span>\n\t\t\t\t\t\t\t<span class='e-n-accordion-item-title-icon'>\n\t\t\t<span class='e-opened' ><svg aria-hidden=\"true\" class=\"e-font-icon-svg e-fas-minus\" viewBox=\"0 0 448 512\" xmlns=\"http:\/\/www.w3.org\/2000\/svg\"><path d=\"M416 208H32c-17.67 0-32 14.33-32 32v32c0 17.67 14.33 32 32 32h384c17.67 0 32-14.33 32-32v-32c0-17.67-14.33-32-32-32z\"><\/path><\/svg><\/span>\n\t\t\t<span class='e-closed'><svg aria-hidden=\"true\" class=\"e-font-icon-svg e-fas-plus\" viewBox=\"0 0 448 512\" xmlns=\"http:\/\/www.w3.org\/2000\/svg\"><path d=\"M416 208H272V64c0-17.67-14.33-32-32-32h-32c-17.67 0-32 14.33-32 32v144H32c-17.67 0-32 14.33-32 32v32c0 17.67 14.33 32 32 32h144v144c0 17.67 14.33 32 32 32h32c17.67 0 32-14.33 32-32V304h144c17.67 0 32-14.33 32-32v-32c0-17.67-14.33-32-32-32z\"><\/path><\/svg><\/span>\n\t\t<\/span>\n\n\t\t\t\t\t\t<\/summary>\n\t\t\t\t<div role=\"region\" aria-labelledby=\"e-n-accordion-item-1760\" class=\"elementor-element elementor-element-771de48 e-con-full e-flex e-con e-child\" data-id=\"771de48\" data-element_type=\"container\">\n\t\t\t\t<div class=\"elementor-element elementor-element-fdacf85 elementor-widget elementor-widget-text-editor\" data-id=\"fdacf85\" data-element_type=\"widget\" data-widget_type=\"text-editor.default\">\n\t\t\t\t<div class=\"elementor-widget-container\">\n\t\t\t\t\t\t\t\t\t<p><span style=\"font-weight: 400;\">O NeuraWrap\u2122 \u00e9 respaldado por estudos experimentais e cl\u00ednicos que comprovam sua efic\u00e1cia como protetor neural:<\/span><\/p><ul><li style=\"font-weight: 400;\" aria-level=\"1\"><b>Redu\u00e7\u00e3o de ader\u00eancias<\/b><span style=\"font-weight: 400;\"> \u2013 estudo em modelo animal demonstrou diminui\u00e7\u00e3o significativa da fibrose perineural em nervos envolvidos com NeuraWrap\u2122, em compara\u00e7\u00e3o ao controle (Mackinnon et al., 1999).<\/span><\/li><li style=\"font-weight: 400;\" aria-level=\"1\"><b>Melhora funcional<\/b><span style=\"font-weight: 400;\"> \u2013 s\u00e9ries de casos cl\u00ednicos em pacientes submetidos \u00e0 neurolyse relataram melhora sensitiva e redu\u00e7\u00e3o de dor neurop\u00e1tica ap\u00f3s uso do dispositivo como barreira protetora.<\/span><\/li><li style=\"font-weight: 400;\" aria-level=\"1\"><b>Seguran\u00e7a comprovada<\/b><span style=\"font-weight: 400;\"> \u2013 an\u00e1lises histol\u00f3gicas mostraram que o col\u00e1geno do NeuraWrap\u2122 \u00e9 completamente absorvido entre 3 e 6 meses, sem resposta inflamat\u00f3ria significativa.<\/span><\/li><li style=\"font-weight: 400;\" aria-level=\"1\"><b>Aplicabilidade cl\u00ednica ampla<\/b><span style=\"font-weight: 400;\"> \u2013 relatos em literatura destacam bons resultados em nervos medianos, ulnar e digitais, confirmando sua versatilidade.<\/span><\/li><\/ul>\t\t\t\t\t\t\t\t<\/div>\n\t\t\t\t<\/div>\n\t\t\t\t<\/div>\n\t\t\t\t\t<\/details>\n\t\t\t\t\t<\/div>\n\t\t\t\t\t\t<\/div>\n\t\t\t\t<\/div>\n\t\t\t\t<div class=\"elementor-element elementor-element-713e33f elementor-widget elementor-widget-text-editor\" data-id=\"713e33f\" data-element_type=\"widget\" data-widget_type=\"text-editor.default\">\n\t\t\t\t<div class=\"elementor-widget-container\">\n\t\t\t\t\t\t\t\t\t<p><strong>Registro Anvisa: 81770370086<\/strong><\/p>\t\t\t\t\t\t\t\t<\/div>\n\t\t\t\t<\/div>\n\t\t\t\t\t<\/div>\n\t\t<\/div>\n\t\t\t\t<div class=\"elementor-column elementor-col-50 elementor-top-column elementor-element elementor-element-24fd855\" data-id=\"24fd855\" data-element_type=\"column\">\n\t\t\t<div class=\"elementor-widget-wrap elementor-element-populated\">\n\t\t\t\t\t\t<div class=\"elementor-element elementor-element-b2345dc elementor-widget elementor-widget-image\" data-id=\"b2345dc\" data-element_type=\"widget\" data-widget_type=\"image.default\">\n\t\t\t\t<div class=\"elementor-widget-container\">\n\t\t\t\t\t\t\t\t\t\t\t\t\t\t\t<img decoding=\"async\" width=\"580\" height=\"580\" src=\"https:\/\/healfirst.com.br\/wp-content\/uploads\/2025\/09\/7.jpg\" class=\"attachment-full size-full wp-image-3539\" alt=\"\" srcset=\"https:\/\/healfirst.com.br\/wp-content\/uploads\/2025\/09\/7.jpg 580w, https:\/\/healfirst.com.br\/wp-content\/uploads\/2025\/09\/7-300x300.jpg 300w, https:\/\/healfirst.com.br\/wp-content\/uploads\/2025\/09\/7-150x150.jpg 150w\" sizes=\"(max-width: 580px) 100vw, 580px\" \/>\t\t\t\t\t\t\t\t\t\t\t\t\t\t\t<\/div>\n\t\t\t\t<\/div>\n\t\t\t\t\t<\/div>\n\t\t<\/div>\n\t\t\t\t\t<\/div>\n\t\t<\/section>\n\t\t\t\t<section class=\"elementor-section elementor-top-section elementor-element elementor-element-0e201af elementor-section-boxed elementor-section-height-default elementor-section-height-default\" data-id=\"0e201af\" data-element_type=\"section\" data-settings=\"{&quot;background_background&quot;:&quot;classic&quot;}\">\n\t\t\t\t\t\t\t<div class=\"elementor-background-overlay\"><\/div>\n\t\t\t\t\t\t\t<div class=\"elementor-container elementor-column-gap-default\">\n\t\t\t\t\t<div class=\"elementor-column elementor-col-100 elementor-top-column elementor-element elementor-element-e9ea507\" data-id=\"e9ea507\" data-element_type=\"column\">\n\t\t\t<div class=\"elementor-widget-wrap elementor-element-populated\">\n\t\t\t\t\t\t<div class=\"elementor-element elementor-element-e777f80 elementor-widget elementor-widget-heading\" data-id=\"e777f80\" data-element_type=\"widget\" data-widget_type=\"heading.default\">\n\t\t\t\t<div class=\"elementor-widget-container\">\n\t\t\t\t\t<h2 class=\"elementor-heading-title elementor-size-default\">Uma tecnologia capaz de transformar protocolos cl\u00ednicos \n\n<\/h2>\t\t\t\t<\/div>\n\t\t\t\t<\/div>\n\t\t\t\t<div class=\"elementor-element elementor-element-39df1a6 elementor-widget elementor-widget-text-editor\" data-id=\"39df1a6\" data-element_type=\"widget\" data-widget_type=\"text-editor.default\">\n\t\t\t\t<div class=\"elementor-widget-container\">\n\t\t\t\t\t\t\t\t\t<p><span style=\"font-weight: 400;\">Quer conhecer todos os detalhes sobre a composi\u00e7\u00e3o, aplica\u00e7\u00e3o e evid\u00eancias cient\u00edficas do NeuraWrap\u2122? Baixe o material t\u00e9cnico completo e fale com a equipe da Healfirst.<\/span><\/p>\t\t\t\t\t\t\t\t<\/div>\n\t\t\t\t<\/div>\n\t\t\t\t<div class=\"elementor-element elementor-element-42b7973 elementor-widget elementor-widget-button\" data-id=\"42b7973\" data-element_type=\"widget\" data-widget_type=\"button.default\">\n\t\t\t\t<div class=\"elementor-widget-container\">\n\t\t\t\t\t\t\t\t\t<div class=\"elementor-button-wrapper\">\n\t\t\t\t\t<a class=\"elementor-button elementor-button-link elementor-size-lg\" href=\"https:\/\/drive.google.com\/file\/d\/1Z5qEm-JHiLhlTBT8mbhwLY7SYa6emUpA\/view?usp=sharing\" target=\"_blank\">\n\t\t\t\t\t\t<span class=\"elementor-button-content-wrapper\">\n\t\t\t\t\t\t\t\t\t<span class=\"elementor-button-text\">Visualizar PDF<\/span>\n\t\t\t\t\t<\/span>\n\t\t\t\t\t<\/a>\n\t\t\t\t<\/div>\n\t\t\t\t\t\t\t\t<\/div>\n\t\t\t\t<\/div>\n\t\t\t\t\t<\/div>\n\t\t<\/div>\n\t\t\t\t\t<\/div>\n\t\t<\/section>\n\t\t\t\t<\/div>\n\t\t","protected":false},"excerpt":{"rendered":"<p>NeuraWrap\u2122 NeuraWrap\u2122 Nerve Protector Descri\u00e7\u00e3o O NeuraWrap\u2122 \u00e9 um protetor de nervo perif\u00e9rico totalmente reabsorv\u00edvel, desenvolvido para envolver, isolar e proteger nervos em processo de reparo ou expostos ao risco de ader\u00eancias p\u00f3s-trauma ou p\u00f3s-cirurgia. Fabricado em col\u00e1geno tipo I altamente purificado, atua como uma barreira seletiva contra fibrose cicatricial, ao mesmo tempo em que [&hellip;]<\/p>\n","protected":false},"author":1,"featured_media":0,"parent":0,"menu_order":0,"comment_status":"closed","ping_status":"closed","template":"","meta":{"_joinchat":[],"footnotes":""},"class_list":["post-3518","page","type-page","status-publish","hentry"],"blocksy_meta":{"has_hero_section":"disabled","vertical_spacing_source":"custom","content_area_spacing":"none","styles_descriptor":{"styles":{"desktop":"","tablet":"","mobile":""},"google_fonts":[],"version":6}},"_links":{"self":[{"href":"https:\/\/healfirst.com.br\/index.php\/wp-json\/wp\/v2\/pages\/3518","targetHints":{"allow":["GET"]}}],"collection":[{"href":"https:\/\/healfirst.com.br\/index.php\/wp-json\/wp\/v2\/pages"}],"about":[{"href":"https:\/\/healfirst.com.br\/index.php\/wp-json\/wp\/v2\/types\/page"}],"author":[{"embeddable":true,"href":"https:\/\/healfirst.com.br\/index.php\/wp-json\/wp\/v2\/users\/1"}],"replies":[{"embeddable":true,"href":"https:\/\/healfirst.com.br\/index.php\/wp-json\/wp\/v2\/comments?post=3518"}],"version-history":[{"count":47,"href":"https:\/\/healfirst.com.br\/index.php\/wp-json\/wp\/v2\/pages\/3518\/revisions"}],"predecessor-version":[{"id":3640,"href":"https:\/\/healfirst.com.br\/index.php\/wp-json\/wp\/v2\/pages\/3518\/revisions\/3640"}],"wp:attachment":[{"href":"https:\/\/healfirst.com.br\/index.php\/wp-json\/wp\/v2\/media?parent=3518"}],"curies":[{"name":"wp","href":"https:\/\/api.w.org\/{rel}","templated":true}]}}