{"id":3497,"date":"2025-09-29T13:30:20","date_gmt":"2025-09-29T13:30:20","guid":{"rendered":"https:\/\/healfirst.com.br\/?page_id=3497"},"modified":"2025-11-06T12:07:46","modified_gmt":"2025-11-06T12:07:46","slug":"neuragen","status":"publish","type":"page","link":"https:\/\/healfirst.com.br\/index.php\/neuragen\/","title":{"rendered":"NeuraGen"},"content":{"rendered":"\t\t<div data-elementor-type=\"wp-page\" data-elementor-id=\"3497\" class=\"elementor elementor-3497\">\n\t\t\t\t\t\t<section class=\"elementor-section elementor-top-section elementor-element elementor-element-7e7119d ct-section-stretched elementor-section-boxed elementor-section-height-default elementor-section-height-default\" data-id=\"7e7119d\" data-element_type=\"section\" data-settings=\"{&quot;background_background&quot;:&quot;classic&quot;}\">\n\t\t\t\t\t\t\t<div class=\"elementor-background-overlay\"><\/div>\n\t\t\t\t\t\t\t<div class=\"elementor-container elementor-column-gap-default\">\n\t\t\t\t\t<div class=\"elementor-column elementor-col-50 elementor-top-column elementor-element elementor-element-0e80e95\" data-id=\"0e80e95\" data-element_type=\"column\">\n\t\t\t<div class=\"elementor-widget-wrap elementor-element-populated\">\n\t\t\t\t\t\t<div class=\"elementor-element elementor-element-7f10401 elementor-widget elementor-widget-heading\" data-id=\"7f10401\" data-element_type=\"widget\" data-widget_type=\"heading.default\">\n\t\t\t\t<div class=\"elementor-widget-container\">\n\t\t\t\t\t<h2 class=\"elementor-heading-title elementor-size-default\">NeuraGen\u00ae <\/h2>\t\t\t\t<\/div>\n\t\t\t\t<\/div>\n\t\t\t\t\t<\/div>\n\t\t<\/div>\n\t\t\t\t<div class=\"elementor-column elementor-col-50 elementor-top-column elementor-element elementor-element-400d6d0 elementor-hidden-tablet elementor-hidden-phone\" data-id=\"400d6d0\" data-element_type=\"column\">\n\t\t\t<div class=\"elementor-widget-wrap elementor-element-populated\">\n\t\t\t\t\t\t<div class=\"elementor-element elementor-element-cbb8116 elementor-widget elementor-widget-image\" data-id=\"cbb8116\" data-element_type=\"widget\" data-widget_type=\"image.default\">\n\t\t\t\t<div class=\"elementor-widget-container\">\n\t\t\t\t\t\t\t\t\t\t\t\t\t\t\t<img decoding=\"async\" width=\"300\" height=\"132\" src=\"https:\/\/healfirst.com.br\/wp-content\/uploads\/2025\/10\/logo-integra-300x132.jpg\" class=\"attachment-medium size-medium wp-image-3625\" alt=\"\" srcset=\"https:\/\/healfirst.com.br\/wp-content\/uploads\/2025\/10\/logo-integra-300x132.jpg 300w, https:\/\/healfirst.com.br\/wp-content\/uploads\/2025\/10\/logo-integra.jpg 500w\" sizes=\"(max-width: 300px) 100vw, 300px\" \/>\t\t\t\t\t\t\t\t\t\t\t\t\t\t\t<\/div>\n\t\t\t\t<\/div>\n\t\t\t\t\t<\/div>\n\t\t<\/div>\n\t\t\t\t\t<\/div>\n\t\t<\/section>\n\t\t\t\t<section class=\"elementor-section elementor-top-section elementor-element elementor-element-305c6e0 ct-section-stretched elementor-section-boxed elementor-section-height-default elementor-section-height-default\" data-id=\"305c6e0\" data-element_type=\"section\" data-settings=\"{&quot;background_background&quot;:&quot;classic&quot;}\">\n\t\t\t\t\t\t<div class=\"elementor-container elementor-column-gap-no\">\n\t\t\t\t\t<div class=\"elementor-column elementor-col-50 elementor-top-column elementor-element elementor-element-f778603\" data-id=\"f778603\" data-element_type=\"column\">\n\t\t\t<div class=\"elementor-widget-wrap elementor-element-populated\">\n\t\t\t\t\t\t<div class=\"elementor-element elementor-element-7df7b44 elementor-widget elementor-widget-image\" data-id=\"7df7b44\" data-element_type=\"widget\" data-widget_type=\"image.default\">\n\t\t\t\t<div class=\"elementor-widget-container\">\n\t\t\t\t\t\t\t\t\t\t\t\t\t\t\t<img fetchpriority=\"high\" decoding=\"async\" width=\"580\" height=\"580\" src=\"https:\/\/healfirst.com.br\/wp-content\/uploads\/2025\/09\/4.jpg\" class=\"attachment-full size-full wp-image-3511\" alt=\"\" srcset=\"https:\/\/healfirst.com.br\/wp-content\/uploads\/2025\/09\/4.jpg 580w, https:\/\/healfirst.com.br\/wp-content\/uploads\/2025\/09\/4-300x300.jpg 300w, https:\/\/healfirst.com.br\/wp-content\/uploads\/2025\/09\/4-150x150.jpg 150w\" sizes=\"(max-width: 580px) 100vw, 580px\" \/>\t\t\t\t\t\t\t\t\t\t\t\t\t\t\t<\/div>\n\t\t\t\t<\/div>\n\t\t\t\t\t<\/div>\n\t\t<\/div>\n\t\t\t\t<div class=\"elementor-column elementor-col-50 elementor-top-column elementor-element elementor-element-2a0f874\" data-id=\"2a0f874\" data-element_type=\"column\">\n\t\t\t<div class=\"elementor-widget-wrap elementor-element-populated\">\n\t\t\t\t\t\t<div class=\"elementor-element elementor-element-30ad2ac elementor-widget elementor-widget-heading\" data-id=\"30ad2ac\" data-element_type=\"widget\" data-widget_type=\"heading.default\">\n\t\t\t\t<div class=\"elementor-widget-container\">\n\t\t\t\t\t<h2 class=\"elementor-heading-title elementor-size-default\">NeuraGen\u00ae Nerve Guide<\/h2>\t\t\t\t<\/div>\n\t\t\t\t<\/div>\n\t\t\t\t<div class=\"elementor-element elementor-element-af86156 elementor-widget elementor-widget-heading\" data-id=\"af86156\" data-element_type=\"widget\" data-widget_type=\"heading.default\">\n\t\t\t\t<div class=\"elementor-widget-container\">\n\t\t\t\t\t<h5 class=\"elementor-heading-title elementor-size-default\">Descri\u00e7\u00e3o\n<\/h5>\t\t\t\t<\/div>\n\t\t\t\t<\/div>\n\t\t\t\t<div class=\"elementor-element elementor-element-50a6739 elementor-widget elementor-widget-text-editor\" data-id=\"50a6739\" data-element_type=\"widget\" data-widget_type=\"text-editor.default\">\n\t\t\t\t<div class=\"elementor-widget-container\">\n\t\t\t\t\t\t\t\t\t<p><span style=\"font-weight: 400;\">O <\/span><b>NeuraGen\u00ae<\/b><span style=\"font-weight: 400;\"> \u00e9 um guia de nervo perif\u00e9rico reabsorv\u00edvel, desenvolvido para facilitar a regenera\u00e7\u00e3o axonal em situa\u00e7\u00f5es onde o reparo prim\u00e1rio n\u00e3o \u00e9 poss\u00edvel. Produzido em col\u00e1geno tipo I altamente purificado, atua como um condutor biol\u00f3gico que direciona o crescimento do nervo e cria um ambiente protegido para a cicatriza\u00e7\u00e3o, dispensando a necessidade de remo\u00e7\u00e3o cir\u00fargica.<\/span><\/p>\t\t\t\t\t\t\t\t<\/div>\n\t\t\t\t<\/div>\n\t\t\t\t<div class=\"elementor-element elementor-element-4e3ffd6 elementor-widget elementor-widget-n-accordion\" data-id=\"4e3ffd6\" data-element_type=\"widget\" data-settings=\"{&quot;default_state&quot;:&quot;expanded&quot;,&quot;max_items_expended&quot;:&quot;one&quot;,&quot;n_accordion_animation_duration&quot;:{&quot;unit&quot;:&quot;ms&quot;,&quot;size&quot;:400,&quot;sizes&quot;:[]}}\" data-widget_type=\"nested-accordion.default\">\n\t\t\t\t<div class=\"elementor-widget-container\">\n\t\t\t\t\t\t\t<div class=\"e-n-accordion\" aria-label=\"Accordion. Open links with Enter or Space, close with Escape, and navigate with Arrow Keys\">\n\t\t\t\t\t\t<details id=\"e-n-accordion-item-8200\" class=\"e-n-accordion-item\" open>\n\t\t\t\t<summary class=\"e-n-accordion-item-title\" data-accordion-index=\"1\" tabindex=\"0\" aria-expanded=\"true\" aria-controls=\"e-n-accordion-item-8200\" >\n\t\t\t\t\t<span class='e-n-accordion-item-title-header'><div class=\"e-n-accordion-item-title-text\"> Indica\u00e7\u00f5es de uso  <\/div><\/span>\n\t\t\t\t\t\t\t<span class='e-n-accordion-item-title-icon'>\n\t\t\t<span class='e-opened' ><svg aria-hidden=\"true\" class=\"e-font-icon-svg e-fas-minus\" viewBox=\"0 0 448 512\" xmlns=\"http:\/\/www.w3.org\/2000\/svg\"><path d=\"M416 208H32c-17.67 0-32 14.33-32 32v32c0 17.67 14.33 32 32 32h384c17.67 0 32-14.33 32-32v-32c0-17.67-14.33-32-32-32z\"><\/path><\/svg><\/span>\n\t\t\t<span class='e-closed'><svg aria-hidden=\"true\" class=\"e-font-icon-svg e-fas-plus\" viewBox=\"0 0 448 512\" xmlns=\"http:\/\/www.w3.org\/2000\/svg\"><path d=\"M416 208H272V64c0-17.67-14.33-32-32-32h-32c-17.67 0-32 14.33-32 32v144H32c-17.67 0-32 14.33-32 32v32c0 17.67 14.33 32 32 32h144v144c0 17.67 14.33 32 32 32h32c17.67 0 32-14.33 32-32V304h144c17.67 0 32-14.33 32-32v-32c0-17.67-14.33-32-32-32z\"><\/path><\/svg><\/span>\n\t\t<\/span>\n\n\t\t\t\t\t\t<\/summary>\n\t\t\t\t<div role=\"region\" aria-labelledby=\"e-n-accordion-item-8200\" class=\"elementor-element elementor-element-9fa7b10 e-con-full e-flex e-con e-child\" data-id=\"9fa7b10\" data-element_type=\"container\">\n\t\t\t\t<div class=\"elementor-element elementor-element-aacc64f elementor-widget elementor-widget-text-editor\" data-id=\"aacc64f\" data-element_type=\"widget\" data-widget_type=\"text-editor.default\">\n\t\t\t\t<div class=\"elementor-widget-container\">\n\t\t\t\t\t\t\t\t\t<p><span style=\"font-weight: 400;\">O NeuraGen\u00ae \u00e9 indicado para o reparo de <\/span><b>les\u00f5es nervosas perif\u00e9ricas<\/b><span style=\"font-weight: 400;\"> quando a sutura prim\u00e1ria n\u00e3o \u00e9 poss\u00edvel ou adequada, incluindo:<\/span><\/p><ul><li style=\"font-weight: 400;\" aria-level=\"1\"><span style=\"font-weight: 400;\">Perdas segmentares de nervos perif\u00e9ricos.<\/span><\/li><li style=\"font-weight: 400;\" aria-level=\"1\"><span style=\"font-weight: 400;\">Les\u00f5es traum\u00e1ticas em nervos digitais, medianos, ulnares e outros nervos de pequeno e m\u00e9dio calibre.<\/span><\/li><li style=\"font-weight: 400;\" aria-level=\"1\"><span style=\"font-weight: 400;\">Reconstru\u00e7\u00f5es ap\u00f3s procedimentos cir\u00fargicos que envolvam seccionamento ou remo\u00e7\u00e3o de segmento nervoso.<\/span><\/li><li style=\"font-weight: 400;\" aria-level=\"1\"><span style=\"font-weight: 400;\">Situa\u00e7\u00f5es em que \u00e9 necess\u00e1rio evitar tens\u00e3o excessiva nas suturas do nervo.<\/span><\/li><\/ul>\t\t\t\t\t\t\t\t<\/div>\n\t\t\t\t<\/div>\n\t\t\t\t<\/div>\n\t\t\t\t\t<\/details>\n\t\t\t\t\t<\/div>\n\t\t\t\t\t\t<\/div>\n\t\t\t\t<\/div>\n\t\t\t\t\t<\/div>\n\t\t<\/div>\n\t\t\t\t\t<\/div>\n\t\t<\/section>\n\t\t\t\t<section class=\"elementor-section elementor-top-section elementor-element elementor-element-274c7b8 ct-section-stretched elementor-section-boxed elementor-section-height-default elementor-section-height-default\" data-id=\"274c7b8\" data-element_type=\"section\" data-settings=\"{&quot;background_background&quot;:&quot;classic&quot;}\">\n\t\t\t\t\t\t<div class=\"elementor-container elementor-column-gap-no\">\n\t\t\t\t\t<div class=\"elementor-column elementor-col-50 elementor-top-column elementor-element elementor-element-9119981\" data-id=\"9119981\" data-element_type=\"column\">\n\t\t\t<div class=\"elementor-widget-wrap elementor-element-populated\">\n\t\t\t\t\t\t<div class=\"elementor-element elementor-element-a3bae88 elementor-widget elementor-widget-heading\" data-id=\"a3bae88\" data-element_type=\"widget\" data-widget_type=\"heading.default\">\n\t\t\t\t<div class=\"elementor-widget-container\">\n\t\t\t\t\t<h5 class=\"elementor-heading-title elementor-size-default\">Diferenciais cl\u00ednicos\n<\/h5>\t\t\t\t<\/div>\n\t\t\t\t<\/div>\n\t\t\t\t<div class=\"elementor-element elementor-element-630fc96 elementor-widget elementor-widget-text-editor\" data-id=\"630fc96\" data-element_type=\"widget\" data-widget_type=\"text-editor.default\">\n\t\t\t\t<div class=\"elementor-widget-container\">\n\t\t\t\t\t\t\t\t\t<p><span style=\"font-weight: 400;\">O que diferencia o NeuraGen\u00ae n\u00e3o \u00e9 apenas ser um condutor biol\u00f3gico, mas a forma como ele <\/span><b>melhora a previsibilidade e a seguran\u00e7a do reparo nervoso<\/b><span style=\"font-weight: 400;\">:<\/span><\/p><ul><li style=\"font-weight: 400;\" aria-level=\"1\"><b>Ambiente regenerativo exclusivo<\/b><span style=\"font-weight: 400;\"> \u2013 a estrutura de col\u00e1geno guia o crescimento axonal de forma organizada, protegendo contra invas\u00e3o de tecido cicatricial.<\/span><\/li><li style=\"font-weight: 400;\" aria-level=\"1\"><b>Menor risco de neuromas<\/b><span style=\"font-weight: 400;\"> \u2013 ao isolar a \u00e1rea do reparo, reduz complica\u00e7\u00f5es dolorosas comuns em les\u00f5es nervosas.<\/span><\/li><li style=\"font-weight: 400;\" aria-level=\"1\"><b>Integra\u00e7\u00e3o natural<\/b><span style=\"font-weight: 400;\"> \u2013 por ser totalmente reabsorv\u00edvel, integra-se ao processo de cicatriza\u00e7\u00e3o sem necessidade de segunda cirurgia.<\/span><\/li><li style=\"font-weight: 400;\" aria-level=\"1\"><b>Versatilidade de aplica\u00e7\u00e3o<\/b><span style=\"font-weight: 400;\"> \u2013 pode ser utilizado em diferentes nervos perif\u00e9ricos, desde nervos digitais at\u00e9 medianos e ulnares, ampliando suas indica\u00e7\u00f5es cl\u00ednicas.<\/span><\/li><li style=\"font-weight: 400;\" aria-level=\"1\"><b>Hist\u00f3rico consolidado<\/b><span style=\"font-weight: 400;\"> \u2013 evid\u00eancias cient\u00edficas e experi\u00eancia cl\u00ednica de anos sustentam sua efic\u00e1cia e seguran\u00e7a.<\/span><\/li><\/ul>\t\t\t\t\t\t\t\t<\/div>\n\t\t\t\t<\/div>\n\t\t\t\t<div class=\"elementor-element elementor-element-4214d90 elementor-widget elementor-widget-n-accordion\" data-id=\"4214d90\" data-element_type=\"widget\" data-settings=\"{&quot;default_state&quot;:&quot;expanded&quot;,&quot;max_items_expended&quot;:&quot;one&quot;,&quot;n_accordion_animation_duration&quot;:{&quot;unit&quot;:&quot;ms&quot;,&quot;size&quot;:400,&quot;sizes&quot;:[]}}\" data-widget_type=\"nested-accordion.default\">\n\t\t\t\t<div class=\"elementor-widget-container\">\n\t\t\t\t\t\t\t<div class=\"e-n-accordion\" aria-label=\"Accordion. Open links with Enter or Space, close with Escape, and navigate with Arrow Keys\">\n\t\t\t\t\t\t<details id=\"e-n-accordion-item-6920\" class=\"e-n-accordion-item\" open>\n\t\t\t\t<summary class=\"e-n-accordion-item-title\" data-accordion-index=\"1\" tabindex=\"0\" aria-expanded=\"true\" aria-controls=\"e-n-accordion-item-6920\" >\n\t\t\t\t\t<span class='e-n-accordion-item-title-header'><div class=\"e-n-accordion-item-title-text\"> Evid\u00eancias Cient\u00edficas <\/div><\/span>\n\t\t\t\t\t\t\t<span class='e-n-accordion-item-title-icon'>\n\t\t\t<span class='e-opened' ><svg aria-hidden=\"true\" class=\"e-font-icon-svg e-fas-minus\" viewBox=\"0 0 448 512\" xmlns=\"http:\/\/www.w3.org\/2000\/svg\"><path d=\"M416 208H32c-17.67 0-32 14.33-32 32v32c0 17.67 14.33 32 32 32h384c17.67 0 32-14.33 32-32v-32c0-17.67-14.33-32-32-32z\"><\/path><\/svg><\/span>\n\t\t\t<span class='e-closed'><svg aria-hidden=\"true\" class=\"e-font-icon-svg e-fas-plus\" viewBox=\"0 0 448 512\" xmlns=\"http:\/\/www.w3.org\/2000\/svg\"><path d=\"M416 208H272V64c0-17.67-14.33-32-32-32h-32c-17.67 0-32 14.33-32 32v144H32c-17.67 0-32 14.33-32 32v32c0 17.67 14.33 32 32 32h144v144c0 17.67 14.33 32 32 32h32c17.67 0 32-14.33 32-32V304h144c17.67 0 32-14.33 32-32v-32c0-17.67-14.33-32-32-32z\"><\/path><\/svg><\/span>\n\t\t<\/span>\n\n\t\t\t\t\t\t<\/summary>\n\t\t\t\t<div role=\"region\" aria-labelledby=\"e-n-accordion-item-6920\" class=\"elementor-element elementor-element-77564ca e-con-full e-flex e-con e-child\" data-id=\"77564ca\" data-element_type=\"container\">\n\t\t\t\t<div class=\"elementor-element elementor-element-a05d972 elementor-widget elementor-widget-text-editor\" data-id=\"a05d972\" data-element_type=\"widget\" data-widget_type=\"text-editor.default\">\n\t\t\t\t<div class=\"elementor-widget-container\">\n\t\t\t\t\t\t\t\t\t<ul><li><b>Recupera\u00e7\u00e3o sensitiva em nervos digitais<\/b><span style=\"font-weight: 400;\">: estudo multic\u00eantrico prospectivo (Weber et al., 2000) mostrou que <\/span><b>88% dos pacientes<\/b><span style=\"font-weight: 400;\"> apresentaram recupera\u00e7\u00e3o sensitiva protetora ap\u00f3s reparo com NeuraGen\u00ae.<\/span><\/li><li><b>Resultados funcionais equivalentes ao enxerto aut\u00f3logo<\/b><span style=\"font-weight: 400;\">: pesquisa comparativa (Bushnell et al., 2008) indicou que o NeuraGen\u00ae apresentou taxas de recupera\u00e7\u00e3o funcional semelhantes \u00e0s do enxerto de nervo aut\u00f3logo em perdas de at\u00e9 20 mm, com a vantagem de eliminar morbidade do s\u00edtio doador.<\/span><\/li><li><b>Redu\u00e7\u00e3o de neuromas e dor residual<\/b><span style=\"font-weight: 400;\">: s\u00e9ries de casos relatam menor forma\u00e7\u00e3o de neuromas dolorosos e melhora cl\u00ednica da dor em pacientes submetidos ao reparo com o guia de col\u00e1geno.<\/span><\/li><li><b>Seguran\u00e7a e absor\u00e7\u00e3o<\/b><span style=\"font-weight: 400;\">: ap\u00f3s sua fun\u00e7\u00e3o de condutor axonal, o NeuraGen\u00ae \u00e9 gradualmente reabsorvido em aproximadamente 90 dias, sem necessidade de remo\u00e7\u00e3o cir\u00fargica, conforme observado em estudos histol\u00f3gicos.<\/span><\/li><\/ul>\t\t\t\t\t\t\t\t<\/div>\n\t\t\t\t<\/div>\n\t\t\t\t<\/div>\n\t\t\t\t\t<\/details>\n\t\t\t\t\t<\/div>\n\t\t\t\t\t\t<\/div>\n\t\t\t\t<\/div>\n\t\t\t\t<div class=\"elementor-element elementor-element-ef5f5c7 elementor-widget elementor-widget-text-editor\" data-id=\"ef5f5c7\" data-element_type=\"widget\" data-widget_type=\"text-editor.default\">\n\t\t\t\t<div class=\"elementor-widget-container\">\n\t\t\t\t\t\t\t\t\t<p><strong>Registro Anvisa: 81770370087<\/strong><\/p>\t\t\t\t\t\t\t\t<\/div>\n\t\t\t\t<\/div>\n\t\t\t\t\t<\/div>\n\t\t<\/div>\n\t\t\t\t<div class=\"elementor-column elementor-col-50 elementor-top-column elementor-element elementor-element-cc814b0\" data-id=\"cc814b0\" data-element_type=\"column\">\n\t\t\t<div class=\"elementor-widget-wrap elementor-element-populated\">\n\t\t\t\t\t\t<div class=\"elementor-element elementor-element-69a30e9 elementor-widget elementor-widget-image\" data-id=\"69a30e9\" data-element_type=\"widget\" data-widget_type=\"image.default\">\n\t\t\t\t<div class=\"elementor-widget-container\">\n\t\t\t\t\t\t\t\t\t\t\t\t\t\t\t<img decoding=\"async\" width=\"580\" height=\"580\" src=\"https:\/\/healfirst.com.br\/wp-content\/uploads\/2025\/09\/neura-gen.jpg\" class=\"attachment-full size-full wp-image-3514\" alt=\"\" srcset=\"https:\/\/healfirst.com.br\/wp-content\/uploads\/2025\/09\/neura-gen.jpg 580w, https:\/\/healfirst.com.br\/wp-content\/uploads\/2025\/09\/neura-gen-300x300.jpg 300w, https:\/\/healfirst.com.br\/wp-content\/uploads\/2025\/09\/neura-gen-150x150.jpg 150w\" sizes=\"(max-width: 580px) 100vw, 580px\" \/>\t\t\t\t\t\t\t\t\t\t\t\t\t\t\t<\/div>\n\t\t\t\t<\/div>\n\t\t\t\t\t<\/div>\n\t\t<\/div>\n\t\t\t\t\t<\/div>\n\t\t<\/section>\n\t\t\t\t<section class=\"elementor-section elementor-top-section elementor-element elementor-element-27ba566 elementor-section-boxed elementor-section-height-default elementor-section-height-default\" data-id=\"27ba566\" data-element_type=\"section\" data-settings=\"{&quot;background_background&quot;:&quot;classic&quot;}\">\n\t\t\t\t\t\t\t<div class=\"elementor-background-overlay\"><\/div>\n\t\t\t\t\t\t\t<div class=\"elementor-container elementor-column-gap-default\">\n\t\t\t\t\t<div class=\"elementor-column elementor-col-100 elementor-top-column elementor-element elementor-element-745845b\" data-id=\"745845b\" data-element_type=\"column\">\n\t\t\t<div class=\"elementor-widget-wrap elementor-element-populated\">\n\t\t\t\t\t\t<div class=\"elementor-element elementor-element-edb2677 elementor-widget elementor-widget-heading\" data-id=\"edb2677\" data-element_type=\"widget\" data-widget_type=\"heading.default\">\n\t\t\t\t<div class=\"elementor-widget-container\">\n\t\t\t\t\t<h2 class=\"elementor-heading-title elementor-size-default\">Uma tecnologia capaz de transformar protocolos cl\u00ednicos \n\n<\/h2>\t\t\t\t<\/div>\n\t\t\t\t<\/div>\n\t\t\t\t<div class=\"elementor-element elementor-element-f32792d elementor-widget elementor-widget-text-editor\" data-id=\"f32792d\" data-element_type=\"widget\" data-widget_type=\"text-editor.default\">\n\t\t\t\t<div class=\"elementor-widget-container\">\n\t\t\t\t\t\t\t\t\t<p><span style=\"font-weight: 400;\">Quer conhecer todos os detalhes sobre a composi\u00e7\u00e3o, aplica\u00e7\u00e3o e evid\u00eancias cient\u00edficas da NeuraGen\u00ae? Baixe o material t\u00e9cnico completo e fale com a equipe da Healfirst.<\/span><\/p>\t\t\t\t\t\t\t\t<\/div>\n\t\t\t\t<\/div>\n\t\t\t\t<div class=\"elementor-element elementor-element-75791ed elementor-widget elementor-widget-button\" data-id=\"75791ed\" data-element_type=\"widget\" data-widget_type=\"button.default\">\n\t\t\t\t<div class=\"elementor-widget-container\">\n\t\t\t\t\t\t\t\t\t<div class=\"elementor-button-wrapper\">\n\t\t\t\t\t<a class=\"elementor-button elementor-button-link elementor-size-lg\" href=\"https:\/\/drive.google.com\/file\/d\/1RFX9r5oI5O3Vk6vY7iwJV4tqOu3eiLYA\/view?usp=sharing\" target=\"_blank\">\n\t\t\t\t\t\t<span class=\"elementor-button-content-wrapper\">\n\t\t\t\t\t\t\t\t\t<span class=\"elementor-button-text\">Visualizar PDF<\/span>\n\t\t\t\t\t<\/span>\n\t\t\t\t\t<\/a>\n\t\t\t\t<\/div>\n\t\t\t\t\t\t\t\t<\/div>\n\t\t\t\t<\/div>\n\t\t\t\t\t<\/div>\n\t\t<\/div>\n\t\t\t\t\t<\/div>\n\t\t<\/section>\n\t\t\t\t<\/div>\n\t\t","protected":false},"excerpt":{"rendered":"<p>NeuraGen\u00ae NeuraGen\u00ae Nerve Guide Descri\u00e7\u00e3o O NeuraGen\u00ae \u00e9 um guia de nervo perif\u00e9rico reabsorv\u00edvel, desenvolvido para facilitar a regenera\u00e7\u00e3o axonal em situa\u00e7\u00f5es onde o reparo prim\u00e1rio n\u00e3o \u00e9 poss\u00edvel. Produzido em col\u00e1geno tipo I altamente purificado, atua como um condutor biol\u00f3gico que direciona o crescimento do nervo e cria um ambiente protegido para a cicatriza\u00e7\u00e3o, [&hellip;]<\/p>\n","protected":false},"author":1,"featured_media":0,"parent":0,"menu_order":0,"comment_status":"closed","ping_status":"closed","template":"","meta":{"_joinchat":[],"footnotes":""},"class_list":["post-3497","page","type-page","status-publish","hentry"],"blocksy_meta":{"has_hero_section":"disabled","vertical_spacing_source":"custom","content_area_spacing":"none","styles_descriptor":{"styles":{"desktop":"","tablet":"","mobile":""},"google_fonts":[],"version":6}},"_links":{"self":[{"href":"https:\/\/healfirst.com.br\/index.php\/wp-json\/wp\/v2\/pages\/3497","targetHints":{"allow":["GET"]}}],"collection":[{"href":"https:\/\/healfirst.com.br\/index.php\/wp-json\/wp\/v2\/pages"}],"about":[{"href":"https:\/\/healfirst.com.br\/index.php\/wp-json\/wp\/v2\/types\/page"}],"author":[{"embeddable":true,"href":"https:\/\/healfirst.com.br\/index.php\/wp-json\/wp\/v2\/users\/1"}],"replies":[{"embeddable":true,"href":"https:\/\/healfirst.com.br\/index.php\/wp-json\/wp\/v2\/comments?post=3497"}],"version-history":[{"count":43,"href":"https:\/\/healfirst.com.br\/index.php\/wp-json\/wp\/v2\/pages\/3497\/revisions"}],"predecessor-version":[{"id":3637,"href":"https:\/\/healfirst.com.br\/index.php\/wp-json\/wp\/v2\/pages\/3497\/revisions\/3637"}],"wp:attachment":[{"href":"https:\/\/healfirst.com.br\/index.php\/wp-json\/wp\/v2\/media?parent=3497"}],"curies":[{"name":"wp","href":"https:\/\/api.w.org\/{rel}","templated":true}]}}